{"id":29,"date":"2016-04-10T11:24:15","date_gmt":"2016-04-10T11:24:15","guid":{"rendered":"http:\/\/www.reinicio.net\/rosol\/index.php\/cookie-policy\/"},"modified":"2016-04-10T12:22:26","modified_gmt":"2016-04-10T12:22:26","slug":"cookie-policy","status":"publish","type":"page","link":"https:\/\/www.rosol-technology.com\/index.php\/cookie-policy\/","title":{"rendered":"Cookies Policy"},"content":{"rendered":"<h4>COOKIES POLICY<\/h4>\n<p>A cookie is a file that is downloaded in your computer when you access to certain websites. Cookies allow a website, among other things, to store and retrieve information about the Internet browsing habits of a USER or its computer and, depending on the information contained and the way you use your computer, can be used to recognize the USER.<\/p>\n<p>The present web portal <a href=\"https:\/\/www.rosol-technology.com\"><b>www.rosol-technology.com<\/b><\/a> uses the following types of cookies:<\/p>\n<ul>\n<li><b>Technical cookies:<\/b> are those that allow the USER to browsing through a website, platform or application and use of the different options or services that it may exist, for example, control the traffic and data communication, identify the session, access to restricted parts, remember the elements that make up and order, make the process of an order purchase, make the application for registration or participation in an event, use the elements of safety during navigation, store content for dissemination of videos or sound, or share content through social networks;<\/li>\n<li><b>Personalization cookies: <\/b>are those that allow the USER to access to service with some general features predefined, according to a set of criteria in the USER terminal, such as would be the language, browser type through which the USER access the service, the local configuration from where access to the service, etc.;<\/li>\n<li><b>Analysis cookies: <\/b>are those that allow the responsible person of them, monitoring and analysis of the behavior of the users of the websites that are linked. The information collected by this type of cookies is used in the measurement of the websites activity, application or platform and for profiling of navigation of such websites, applications and platforms, in order to introduce<\/li>\n<li><b>Advertising cookies<\/b>: are those that allow the management, as efficiently as possible, the advertising space that, where appropriate, the editor has included in a website, application or platform from which provides the service requested on the basis of criteria such as the edited content or the frequency that the ads are showed;<\/li>\n<li><b>Behavioral advertising cookies: <\/b>are those that allow the management, as efficiently as possible, the advertising space that, where appropriate, the editor has included in a website, application or platform from which provides the requested service. These cookies store information about user behavior, obtained through observation of their browsing habits, allowing us to develop a specific profile to display advertising based on it.<\/li>\n<\/ul>\n<p>Cookies deactivation:<\/p>\n<p>You can allow, block or delete cookies installed on your computer by configuring the settings of the browser installed on your computer. Please, read the support section of your browser to learn more about how to activate the \u201cprivate mode\u201d or unlock certain cookies.<\/p>\n<hr \/>\n<h4>POL\u00cdTICA DE COOKIES<\/h4>\n<p>Una cookie es un fichero que se descarga en su ordenador al acceder a determinadas p\u00e1ginas web. Las cookies permiten a una p\u00e1gina web, entre otras cosas, almacenar y recuperar informaci\u00f3n sobre los h\u00e1bitos de navegaci\u00f3n de un usuario o de su equipo y, dependiendo de la informaci\u00f3n que contengan y de la forma en que utilice su equipo, pueden utilizarse para reconocer al usuario.<\/p>\n<p>El presente portal <b><a href=\"https:\/\/www.rosol-technology.com\">www.rosol-technology.com<\/a> <\/b>utiliza los siguientes tipos de cookies:<\/p>\n<ul>\n<li><b>Cookies t\u00e9cnicas:<\/b> son aquellas que permiten al usuario la navegaci\u00f3n a trav\u00e9s de una p\u00e1gina web, plataforma o aplicaci\u00f3n y<br \/>\nutilizaci\u00f3n de las diferentes opciones o servicios que en ella existan como, por ejemplo, controlar el tr\u00e1fico y la comunicaci\u00f3n<br \/>\nde datos, identificar la sesi\u00f3n, acceder a partes de acceso restringido, recordar los elementos que integran un pedido, realizar<br \/>\nel proceso de compra de un pedido, realizar la solicitud de inscripci\u00f3n o participaci\u00f3n en un evento, utilizar elementos de<br \/>\nseguridad durante la navegaci\u00f3n, almacenar contenidos para la difusi\u00f3n de videos o sonido o compartir contenidos a trav\u00e9s de<br \/>\nredes sociales;<\/li>\n<\/ul>\n<ul>\n<li><b>Cookies de personalizaci\u00f3n:<\/b> Son aqu\u00e9llas que permiten al usuario acceder al servicio con algunas caracter\u00edsticas de car\u00e1cter<br \/>\ngeneral predefinidas en funci\u00f3n de una serie de criterios en el terminal del usuario como por ejemplo serian el idioma, el tipo de navegador a trav\u00e9s del cual accede al servicio, la configuraci\u00f3n regional desde donde accede al servicio, etc.;<\/li>\n<\/ul>\n<ul>\n<li><b>Cookies de an\u00e1lisis:<\/b> Son aqu\u00e9llas que permiten al responsable de las mismas, el seguimiento y an\u00e1lisis del comportamiento de los usuarios de los sitios web a los que est\u00e1n vinculadas. La informaci\u00f3n recogida mediante este tipo de cookies se utiliza en la medici\u00f3n de la actividad de los sitios web, aplicaci\u00f3n o plataforma y para la elaboraci\u00f3n de perfiles de navegaci\u00f3n de los usuarios de dichos sitios, aplicaciones y plataformas, con el fin de introducir;<\/li>\n<\/ul>\n<ul>\n<li><b>Cookies publicitarias: <\/b>Son aqu\u00e9llas que permiten la gesti\u00f3n, de la forma m\u00e1s eficaz posible, de los espacios publicitarios que, en su caso, el editor haya incluido en una p\u00e1gina web, aplicaci\u00f3n o plataforma desde la que presta el servicio solicitado en base a criterios como el contenido editado o la frecuencia en la que se muestran los anuncios;<\/li>\n<\/ul>\n<ul>\n<li><b>Cookies de publicidad comportamental: <\/b>Son aqu\u00e9llas que permiten la gesti\u00f3n, de la forma m\u00e1s eficaz posible, de los<br \/>\nespacios publicitarios que, en su caso, el editor haya incluido en una p\u00e1gina web, aplicaci\u00f3n o plataforma desde la que presta el servicio solicitado. Estas cookies almacenan informaci\u00f3n del comportamiento de los usuarios obtenida a trav\u00e9s de la observaci\u00f3n continuada de sus h\u00e1bitos de navegaci\u00f3n, lo que permite desarrollar un perfil espec\u00edfico para mostrar publicidad en funci\u00f3n del mismo.<\/li>\n<\/ul>\n<p>Desactivaci\u00f3n de cookies:<\/p>\n<p>Puede usted permitir, bloquear o eliminar las cookies instaladas en su equipo mediante la configuraci\u00f3n de las opciones del navegador instalado en su ordenador. Por favor, lea atentamente la secci\u00f3n de ayuda de su navegador para conocer m\u00e1s acerca de c\u00f3mo activar el \u201cmodo privado\u201d o desbloquear determinadas cookies.<\/p>\n<p>&nbsp;<\/p>\n","protected":false},"excerpt":{"rendered":"<p>COOKIES POLICY A cookie is a file that is downloaded in your computer when you access to certain websites. Cookies allow a website, among other things, to store and retrieve information about the Internet browsing habits of a USER or its computer and, depending on the information contained and the way you use your computer,<\/p>\n","protected":false},"author":2,"featured_media":0,"parent":0,"menu_order":0,"comment_status":"closed","ping_status":"closed","template":"fullwidth.php","meta":[],"_links":{"self":[{"href":"https:\/\/www.rosol-technology.com\/index.php\/wp-json\/wp\/v2\/pages\/29"}],"collection":[{"href":"https:\/\/www.rosol-technology.com\/index.php\/wp-json\/wp\/v2\/pages"}],"about":[{"href":"https:\/\/www.rosol-technology.com\/index.php\/wp-json\/wp\/v2\/types\/page"}],"author":[{"embeddable":true,"href":"https:\/\/www.rosol-technology.com\/index.php\/wp-json\/wp\/v2\/users\/2"}],"replies":[{"embeddable":true,"href":"https:\/\/www.rosol-technology.com\/index.php\/wp-json\/wp\/v2\/comments?post=29"}],"version-history":[{"count":9,"href":"https:\/\/www.rosol-technology.com\/index.php\/wp-json\/wp\/v2\/pages\/29\/revisions"}],"predecessor-version":[{"id":130,"href":"https:\/\/www.rosol-technology.com\/index.php\/wp-json\/wp\/v2\/pages\/29\/revisions\/130"}],"wp:attachment":[{"href":"https:\/\/www.rosol-technology.com\/index.php\/wp-json\/wp\/v2\/media?parent=29"}],"curies":[{"name":"wp","href":"https:\/\/api.w.org\/{rel}","templated":true}]}}