{"id":32,"date":"2016-04-10T11:35:27","date_gmt":"2016-04-10T11:35:27","guid":{"rendered":"http:\/\/www.reinicio.net\/rosol\/?page_id=32"},"modified":"2021-07-12T12:08:05","modified_gmt":"2021-07-12T10:08:05","slug":"legal-notice-privacy","status":"publish","type":"page","link":"https:\/\/www.rosol-technology.com\/index.php\/legal-notice-privacy\/","title":{"rendered":"Legal notice &#038; privacy"},"content":{"rendered":"<h4>LEGAL NOTICE &amp; PRIVACY<\/h4>\n<p><b>1. <\/b><b>WHO WE ARE: <\/b>In compliance with the reporting obligations contained in article 10 of Law 34\/2002, of July 13, Services of Society Information and Electronic Commerce, the following Data are reflected: the domain and the website which is accessed through the e-mail address <b><a href=\"https:\/\/www.rosol-technology.com\">www.rosol-technology.com<\/a> <\/b>is owned by <b>ROSOL TECHNOLOGY S.L.U <\/b>(hereinafter<b> ROSOL<\/b>), with registered address at Avenida de Europa 21, 28108-Alcobendas (Madrid), Tax Code B-87370466, entered in the Business Registry of Madrid, Volume 33901, Sheet 211, Section 8, Page M-610050 (20.10.2015). Contact e-mail: <b><a href=\"mailto:info@rosol-technology.com\">info@rosol-technology.com<\/a>.<\/b><\/p>\n<p><b>2. USERS: <\/b>Access and\/or use of this website property of <b>ROSOL <\/b>attributes the condition of USER,it involves that you accept, since such access and\/or use, The General Conditions of Use here listed.<\/p>\n<p><b>3. USE OF THE PORTAL: ROSOL TECHONOLOGY S.L.U <\/b>web site may use Cookies. Check out our Cookie Policy at this link. The present web portal <b><a href=\"https:\/\/www.rosol-technology.com\">www.rosol-technology.com<\/a> <\/b>provides access to a multitude of information, services, programs or data (hereinafter \u201ccontent\u201d) belonging to <b>ROSOL <\/b>or its licensors, which the USER may have access. The USER assumes the responsibility of the use of the portal. This responsibility is extended to the registry that would be required to access to certain services or content, if necessary. In the mentioned register, the USER will be responsible for providing true and lawful information.<br \/>\nAs a result of the registration, a password may be provided to he USER, who will be responsible, undertaking to make a diligent and confidential use of it. The USER undertakes to make appropriate use of the content and services (such as chat services, discussion forums or newsgroups) that <b>ROSOL may <\/b>offers through its portal and including but not limited, do not use them for (i) incur in illicit, illegal or contrary\u00a0to good faith and\u00a0public order activities; (ii) disseminate racist, xenophobic, illegal-pornographic, apologies\u00a0for terrorism or against Human Rights content or propaganda; (iii) cause damages in the physical and\/or logical systems of <b>ROSOL, <\/b>its suppliers or third parties, introduce or spread in the network viruses or any other physical or logical systems that\u00a0are capable of cause the damages previously mentioned; (iv) try to access or, where appropriate, use the electronic mail accounts of other users and modify or manipulate its messages. <b>ROSOL <\/b>reserves the right to remove any comments and contributions that violate the dignity of the person, which are discriminatory, xenophobic, racist, pornographic, which violate the youth or childhood, order or public security or that, in his view, they were not suitable for publication. In any case, <b>ROSOL <\/b>will not be responsible for the opinions expressed by users through forums, chats or any other tools of participation.<\/p>\n<p><b>4. DATA PROTECTION: ROSOL <\/b>complies with the guidelines of the Organic Law 15\/1999 of December 13<sup>th<\/sup>,<br \/>\nof Data Protection of a Personal Nature, the Royal Decree 1720\/2007 of December 21<sup>st<\/sup>, which approves the Regulation implementing the Organic Law and other regulations in force at any time, and sailing to ensure proper use and treatment of personal data of the users. To this end, along with every form of collecting personal data, in the services that the user may request to <b>ROSOL, if appropriate, <\/b>shall inform the user of the existence and acceptance of the particular conditions of the<br \/>\ndata processing in each case, informing about the responsibility of the created file, the address of the person in charge, the<br \/>\npossibility to exercise the rights of access, rectification, cancellation or opposition, the purpose of the treatment or the communication of data to third parties, where appropriate. <b>ROSOL <\/b>also advises that compliances with the Law 34\/2002 of July 11<sup>th<\/sup>, of Services of Information Society and e-Commerce and will\u00a0ask\u00a0for\u00a0the USER consent to the treatment of its\u00a0electronic\u00a0mail\u00a0with commercial purposes. The exercise of the mentioned rights of access, rectification, cancelation and opposition shall be in writing to one of the following addresses: by e-mail to <a href=\"mailto:info@rosol-technology.com\"><b>info@rosol-technology.com <\/b><\/a>or by postal mail to ROSOL TECHNOLOGY S.L.U., Avenida de Europa, 21, 28108-Alcobendas (Madrid).<\/p>\n<p><b>5. INTELLECTUAL AND INDUSTRIAL PROPERTY: ROSOL <\/b>is\u00a0the\u00a0owner or delegated holder\u00a0of\u00a0all intellectual and industrial property rights covering the <b>ROSOL <\/b>website, and of the content thereof (including but not limited, images, sounds, audio, video, software or texts; trademarks or logos, combinations of colors, structure and design, choice of material used, computer programs necessary for its operation, access and use, etc.) directly held by <b>ROSOL<\/b>. All rights reserved. In\u00a0pursuance\u00a0of\u00a0 the\u00a0provisions in Articles 8\u00a0and\u00a032.1,\u00a0second\u00a0paragraph, of the\u00a0Intellectual\u00a0Copyright Act, it is expressly\u00a0forbidden to reproduce, distribute and disseminate publicly, including the making available modality, of all or part of the contents of the webpage for commercial purposes, in any format and by any technical means, without the authorization of <b>ROSOL. <\/b>The USER undertakes to respect the Property and Industrial Rights ownership of <b>ROSOL. <\/b>The\u00a0USER\u00a0may\u00a0view\u00a0the elements on the\u00a0portal\u00a0and\u00a0also print them out, copy\u00a0them\u00a0and\u00a0store them\u00a0on the\u00a0hard disk of his\/her\u00a0computer or on any other physical medium as long as it is exclusively for his\/her personal and private use. Consequently, making the said elements available, as well as the transformation,<br \/>\ndistribution, publication and whatsoever other form of exploitation, including their modification, alteration or decompilation is absolutely prohibited.<\/p>\n<p><b>6. WARRANTIES AND LIABILITY DISCLAIMER: ROSOL <\/b>takes\u00a0no responsibility, under any\u00a0circumstances,\u00a0for damages\u00a0of any kind that may be caused\u00a0by,\u00a0but not limited to, the following:\u00a0errors or omissions in the content, lack of availability of the portal, correct visualization, or the transmission of viruses or programs that are malicious or harmful in their content, in spite of having adopted all the necessary technological measures to avoid such occurrences.<\/p>\n<p><b>7. MODIFICATIONS. ROSOL<\/b> reserves the right to\u00a0carry\u00a0out,\u00a0without\u00a0prior warning,\u00a0any changes\u00a0to\u00a0its websites it considers appropriate,\u00a0being able to change, delete or add both content and services the websites offer as well as the way in which the contents and service are presented or located on its websites.<\/p>\n<p><b>8. LINKS:<\/b> In the\u00a0case\u00a0of\u00a0<a href=\"https:\/\/www.rosol-technology.com\"><b>www.rosol-technology.com <\/b><\/a>having links or\u00a0hyperlinks\u00a0towards other Internet sites, ROSOL shall not\u00a0 exert any\u00a0kind of control over those sites and contents. Under no circumstance\u00a0ROSOL will\u00a0assume\u00a0the responsibility for\u00a0any of\u00a0the contents of any\u00a0link\u00a0belonging\u00a0to other&#8217;s web sites.\u00a0Not guaranteeing therefore, the quality, accessibility, reliability, accuracy,\u00a0 veracity and legality of any type of material or information included in these webs. Likewise, inclusion of these external connections does not imply any type of association,\u00a0fusion or participation with the entities connected.<\/p>\n<p><b>9.\u00a0RIGHT\u00a0TO EXCLUDE:<\/b>\u00a0<b>ROSOL <\/b>reserves the\u00a0right\u00a0to deny or\u00a0withhold access to\u00a0the\u00a0portal and\/or\u00a0services at\u00a0any time and without need\u00a0of warning to those users who do not comply with these general conditions or the particular conditions that may apply to them.<\/p>\n<p><b>10. GENERAL\u00a0CONDITIONS: ROSOL <\/b>will\u00a0pursue\u00a0non-compliance of the\u00a0present conditions\u00a0as\u00a0well as\u00a0any other\u00a0improper use of its\u00a0Website by bringing all the civil and criminal actions it has the right to exercise.<\/p>\n<p><b>11. MODIFICATION OF THESE TERMS AND CONDITIONS AND DURATION: ROSOL <\/b>may modify at any time the conditions here determined, being duly published as they appear here. The validity of these conditions shall be according to their exposure and they will be in force until they were modified by other duly published.<\/p>\n<p><b>12. APPLICABLE LEGISLATION AND JURISDICTION: <\/b>The\u00a0relation between <b>ROSOL <\/b>and the USER shall\u00a0be governed\u00a0by\u00a0the\u00a0legislation in effect in Spain,\u00a0and any controversy will come under the jurisdiction of the courts of the city of Madrid.<\/p>\n<hr \/>\n<h4>AVISO LEGAL Y PRIVACIDAD<\/h4>\n<p><strong>1. DATOS IDENTIFICATIVOS<\/strong>: En cumplimiento con el deber de informaci\u00f3n recogido en el art\u00edculo 10 de la Ley 34\/2002, de 11 de julio, de Servicios de la Sociedad de la Informaci\u00f3n y del Comercio Electr\u00f3nico, a continuaci\u00f3n se reflejan los siguientes datos: la empresa titular del dominio y la p\u00e1gina web a la que se accede a trav\u00e9s de la direcci\u00f3n <strong><a href=\"https:\/\/www.rosol-technology.com\">www.rosol-technology.com<\/a><\/strong> es ROSOL TECHNOLOGY S.L.U. (en adelante ROSOL), con domicilio a estos efectos en Avenida de Europa 21, 28108, Alcobendas (Madrid) n\u00famero de C.I.F.: B-87370466 inscrita en el Registro Mercantil de Madrid en el Tomo 33901, Folio 211, Secci\u00f3n 8, Hoja M-610050. Correo electr\u00f3nico de contacto: <strong><a href=\"mailto:info@rosol-technology.com\">info@rosol-technology.com<\/a><\/strong>.<\/p>\n<p><strong>2. USUARIOS<\/strong>: El acceso y\/o uso de este portal de ROSOL atribuye la condici\u00f3n de USUARIO, y comporta que Usted acepta, desde dicho acceso y\/o uso, las Condiciones Generales de Uso aqu\u00ed reflejadas.<\/p>\n<p><strong>3. USO DEL PORTAL<\/strong>: El sitio web de la compa\u00f1\u00eda <strong>ROSOL TECHONOLY S.L.U<\/strong> puede utilizar cookies. Consulte en este enlace nuestra <a href=\"\/index.php\/cookie-policy\/\">Pol\u00edtica de Cookies<\/a>.\u00a0 Este Portal <strong><a href=\"https:\/\/www.rosol-technology.com\">www.rosol-technology.com<\/a><\/strong> proporciona el acceso a multitud de informaciones, servicios, programas o datos (en adelante, \u00ablos contenidos\u00bb) en Internet pertenecientes a <strong>ROSOL<\/strong> o a sus licenciantes, a los que el USUARIO puede tener acceso. El USUARIO asume la responsabilidad del uso del portal. Dicha responsabilidad se extiende al registro que fuese necesario para acceder a determinados servicios o contenidos, si fuera el caso. En dicho registro el USUARIO ser\u00e1 responsable de aportar informaci\u00f3n veraz y l\u00edcita. Como consecuencia de este registro, al USUARIO se le puede proporcionar una contrase\u00f1a de la que ser\u00e1 responsable, comprometi\u00e9ndose a hacer un uso diligente y confidencial de la misma. El USUARIO se compromete a hacer un uso adecuado de los contenidos y servicios (como por ejemplo servicios de chat, foros de discusi\u00f3n o grupos de noticias) que <strong>ROSOL<\/strong> pueda ofrecer a trav\u00e9s de su portal y con car\u00e1cter enunciativo pero no limitativo, a no emplearlos para (i) incurrir en actividades il\u00edcitas, ilegales o contrarias a la buena fe y al orden p\u00fablico; (ii) difundir contenidos o propaganda de car\u00e1cter racista, xen\u00f3fobo, pornogr\u00e1fico-ilegal, de apolog\u00eda del terrorismo o atentatorio contra los derechos humanos; (iii) provocar da\u00f1os en los sistemas f\u00edsicos y l\u00f3gicos de <strong>ROSOL<\/strong> , de sus proveedores o de terceras personas, introducir o difundir en la red virus inform\u00e1ticos o cualesquiera otros sistemas f\u00edsicos o l\u00f3gicos que sean susceptibles de provocar los da\u00f1os anteriormente mencionados; (iv) intentar acceder y, en su caso, utilizar las cuentas de correo electr\u00f3nico de otros usuarios y modificar o manipular sus mensajes. <strong>ROSOL<\/strong> se reserva el derecho de retirar todos aquellos comentarios y aportaciones que vulneren el respeto a la dignidad de la persona, que sean discriminatorios, xen\u00f3fobos, racistas, pornogr\u00e1ficos, que atenten contra la juventud o la infancia, el orden o la seguridad p\u00fablica o que, a su juicio, no resultaran adecuados para su publicaci\u00f3n. En cualquier caso, <strong>ROSOL<\/strong> no ser\u00e1 responsable de las opiniones vertidas por los USUARIOS a trav\u00e9s de los foros, chats, u otras herramientas de participaci\u00f3n.<\/p>\n<p><strong>4. PROTECCI\u00d3N DE DATOS<\/strong>: <strong>ROSOL TECHNOLOGY S.L.U.<\/strong> cumple con las directrices de la Ley Org\u00e1nica 15\/1999 de 13 de diciembre de Protecci\u00f3n de Datos de Car\u00e1cter Personal, el Real Decreto 1720\/2007 de 21 de diciembre por el que se aprueba el Reglamento de desarrollo de la Ley Org\u00e1nica y dem\u00e1s normativa vigente en cada momento, y vela por garantizar un correcto uso y tratamiento de los datos personales del USUARIO. Para ello, junto a cada formulario de recabo de datos de car\u00e1cter personal, en los servicios que el USUARIO en su caso pueda solicitar a <strong>ROSOL<\/strong>, har\u00e1 saber al USUARIO de la existencia y aceptaci\u00f3n de las condiciones particulares del tratamiento de sus datos en cada caso, inform\u00e1ndole de la responsabilidad del fichero creado, la direcci\u00f3n del responsable, la posibilidad de ejercer sus derechos de acceso, rectificaci\u00f3n, cancelaci\u00f3n u oposici\u00f3n, la finalidad del tratamiento y las comunicaciones de datos a terceros en su caso. Asimismo, <strong>ROSOL<\/strong> informa que da cumplimiento a la Ley 34\/2002 de 11 de julio, de Servicios de la Sociedad de la Informaci\u00f3n y el Comercio Electr\u00f3nico y le solicitar\u00e1 el consentimiento al USUARIO al tratamiento de su correo electr\u00f3nico con fines comerciales.\u00a0 El ejercicio de los mencionados derechos de acceso, rectificaci\u00f3n, cancelaci\u00f3n u oposici\u00f3n se realizaran por escrito a alguna de las siguientes direcciones: bien por email a <strong><a href=\"mailto:info@rosol-technology.com\">info@rosol-technology.com<\/a><\/strong>; bien por correo ordinario a <strong>ROSOL TECHNOLOGY S.L.U.<\/strong>, Avenida de Europa, 21, 28108-Alcobendas (Madrid).<br \/>\n<strong>5. PROPIEDAD INTELECTUAL E INDUSTRIA<\/strong>L: <strong>ROSOL<\/strong> por s\u00ed o como cesionaria, es titular de todos los derechos de propiedad intelectual e industrial de su p\u00e1gina web, as\u00ed como de los elementos contenidos en la misma (a t\u00edtulo enunciativo, im\u00e1genes, sonido, audio, v\u00eddeo, software o textos; marcas o logotipos, combinaciones de colores, estructura y dise\u00f1o, selecci\u00f3n de materiales usados, programas de ordenador necesarios para su funcionamiento, acceso y uso, etc.).. Todos los derechos reservados. En virtud de lo dispuesto en los art\u00edculos 8 y 32.1, p\u00e1rrafo segundo, de la Ley de Propiedad Intelectual, quedan expresamente prohibidas la reproducci\u00f3n, la distribuci\u00f3n y la comunicaci\u00f3n p\u00fablica, incluida su modalidad de puesta a disposici\u00f3n, de la totalidad o parte de los contenidos de esta p\u00e1gina web, con fines comerciales, en cualquier soporte y por cualquier medio t\u00e9cnico, sin la autorizaci\u00f3n de <strong>ROSOL<\/strong>. El USUARIO se compromete a respetar los derechos de Propiedad Intelectual e Industrial titularidad de <strong>ROSOL<\/strong>. Podr\u00e1 visualizar los elementos del portal e incluso imprimirlos, copiarlos y almacenarlos en el disco duro de su ordenador o en cualquier otro soporte f\u00edsico siempre y cuando sea, \u00fanica y exclusivamente, para su uso personal y privado. El USUARIO deber\u00e1 abstenerse de suprimir, alterar, eludir o manipular cualquier dispositivo de protecci\u00f3n o sistema de seguridad que estuviera instalado en el las p\u00e1ginas de <strong>ROSOL<\/strong>.<br \/>\n<strong>6. EXCLUSI\u00d3N DE GARANT\u00cdAS Y RESPONSABILIDAD<\/strong>: <strong>ROSOL<\/strong> no se hace responsable, en ning\u00fan caso, de los da\u00f1os y perjuicios de cualquier naturaleza que pudieran ocasionar, a t\u00edtulo enunciativo: errores u omisiones en los contenidos, falta de disponibilidad del portal o la transmisi\u00f3n de virus o programas maliciosos o lesivos en los contenidos, a pesar de haber adoptado todas las medidas tecnol\u00f3gicas necesarias para evitarlo.<br \/>\n<strong>7. MODIFICACIONES<\/strong>: <strong>ROSOL<\/strong> se reserva el derecho de efectuar sin previo aviso las modificaciones que considere oportunas en su portal, pudiendo cambiar, suprimir o a\u00f1adir tanto los contenidos y servicios que se presten a trav\u00e9s de la misma como la forma en la que \u00e9stos aparezcan presentados o localizados en su portal.<br \/>\n<strong>8. ENLACES<\/strong>: En el caso de que en <a href=\"https:\/\/www.rosol-technology.com\"><strong>www.rosol-technology.com<\/strong><\/a> se dispusiesen enlaces o hiperv\u00ednculos hac\u00eda otros sitios de Internet, <strong>ROSOL<\/strong> no ejercer\u00e1 ning\u00fan tipo de control sobre dichos sitios y contenidos. En ning\u00fan caso ROSOL asumir\u00e1 responsabilidad alguna por los contenidos de alg\u00fan enlace perteneciente a un sitio web ajeno, ni garantizar\u00e1 la disponibilidad t\u00e9cnica, calidad, fiabilidad, exactitud, amplitud, veracidad, validez y constitucionalidad de cualquier material o informaci\u00f3n contenida en ninguno de dichos hiperv\u00ednculos u otros sitios de Internet. Igualmente la inclusi\u00f3n de estas conexiones externas no implicar\u00e1 ning\u00fan tipo de asociaci\u00f3n, fusi\u00f3n o participaci\u00f3n con las entidades conectadas.<br \/>\n<strong>9. DERECHO DE EXCLUSI\u00d3N<\/strong>: <strong>ROSOL<\/strong> se reserva el derecho a denegar o retirar el acceso a portal y\/o los servicios ofrecidos sin necesidad de preaviso, a instancia propia o de un tercero, a aquellos usuarios que incumplan las presentes Condiciones Generales de Uso.<br \/>\n<strong>10. GENERALIDADES<\/strong>: <strong>ROSOL<\/strong> perseguir\u00e1 el incumplimiento de las presentes condiciones as\u00ed como cualquier utilizaci\u00f3n indebida de su portal ejerciendo todas las acciones civiles y penales que le puedan corresponder en derecho.<br \/>\n<strong>11. MODIFICACI\u00d3N DE LAS PRESENTES CONDICIONES Y DURACI\u00d3N<\/strong>: <strong>ROSOL<\/strong> podr\u00e1 modificar en cualquier momento las condiciones aqu\u00ed determinadas, siendo debidamente publicadas como aqu\u00ed aparecen. La vigencia de las citadas condiciones ir\u00e1 en funci\u00f3n de su exposici\u00f3n y estar\u00e1n vigentes hasta que sean modificadas por otras debidamente publicadas.<br \/>\n<strong>12. LEGISLACI\u00d3N APLICABLE Y JURISDICCI\u00d3N<\/strong>: La relaci\u00f3n entre <strong>ROSOL<\/strong> y el USUARIO se regir\u00e1 por la normativa espa\u00f1ola vigente y cualquier controversia se someter\u00e1 a los Juzgados y tribunales de la ciudad de Madrid.<\/p>\n","protected":false},"excerpt":{"rendered":"<p>LEGAL NOTICE &amp; PRIVACY 1. WHO WE ARE: In compliance with the reporting obligations contained in article 10 of Law 34\/2002, of July 13, Services of Society Information and Electronic Commerce, the following Data are reflected: the domain and the website which is accessed through the e-mail address www.rosol-technology.com is owned by ROSOL TECHNOLOGY S.L.U<\/p>\n","protected":false},"author":2,"featured_media":0,"parent":0,"menu_order":0,"comment_status":"closed","ping_status":"closed","template":"fullwidth.php","meta":[],"_links":{"self":[{"href":"https:\/\/www.rosol-technology.com\/index.php\/wp-json\/wp\/v2\/pages\/32"}],"collection":[{"href":"https:\/\/www.rosol-technology.com\/index.php\/wp-json\/wp\/v2\/pages"}],"about":[{"href":"https:\/\/www.rosol-technology.com\/index.php\/wp-json\/wp\/v2\/types\/page"}],"author":[{"embeddable":true,"href":"https:\/\/www.rosol-technology.com\/index.php\/wp-json\/wp\/v2\/users\/2"}],"replies":[{"embeddable":true,"href":"https:\/\/www.rosol-technology.com\/index.php\/wp-json\/wp\/v2\/comments?post=32"}],"version-history":[{"count":10,"href":"https:\/\/www.rosol-technology.com\/index.php\/wp-json\/wp\/v2\/pages\/32\/revisions"}],"predecessor-version":[{"id":397,"href":"https:\/\/www.rosol-technology.com\/index.php\/wp-json\/wp\/v2\/pages\/32\/revisions\/397"}],"wp:attachment":[{"href":"https:\/\/www.rosol-technology.com\/index.php\/wp-json\/wp\/v2\/media?parent=32"}],"curies":[{"name":"wp","href":"https:\/\/api.w.org\/{rel}","templated":true}]}}